{"id":30,"date":"2023-04-03T15:51:46","date_gmt":"2023-04-03T13:51:46","guid":{"rendered":"http:\/\/theatreamateurbellopratain.fr\/?page_id=30"},"modified":"2025-12-03T08:23:58","modified_gmt":"2025-12-03T07:23:58","slug":"courrier","status":"publish","type":"page","link":"https:\/\/theatreamateurbellopratain.fr\/?page_id=30","title":{"rendered":"L&rsquo;association"},"content":{"rendered":"\n<p>La troupe a \u00e9t\u00e9 cr\u00e9er \u00e0 l&rsquo;initiative de Jean LEPINE et Jacqueline THIBAULT, r\u00e9pondant \u00e0 une forte demande des habitants de la r\u00e9gion de Beaupr\u00e9au, La troupe de th\u00e9\u00e2tre amateur a vu le jour en 1995. <\/p>\n\n\n\n<p>Aujourd&rsquo;hui, la troupe compte une quarantaine de b\u00e9n\u00e9voles r\u00e9partis dans plusieurs commissions, nous sommes que des com\u00e9diens amateurs dans le but de vouloir divertir nos spectateurs!!!  <\/p>\n\n\n\n<h1 class=\"wp-block-heading\">Le Bureau<\/h1>\n\n\n\n<p>Pr\u00e9sident : Philippe SAUVESTRE <\/p>\n\n\n\n<p>Vice-pr\u00e9sidente : Fabienne PLESSIS<\/p>\n\n\n\n<p>Co pr\u00e9sident :  Jean-Pierre FLEURANCE <\/p>\n\n\n\n<p>Secr\u00e9taire : Ketty MENARD<\/p>\n\n\n\n<p>Vice-secr\u00e9taire : Emmanuelle GOUBAUD <\/p>\n\n\n\n<p>Tr\u00e9sorier : Bertrand TERRIER <\/p>\n\n\n\n<p>Vice-tr\u00e9sorier : Jean-Michel DAVY<\/p>\n\n\n\n<p>Membres : Anthony MANCEAU, Arnaud DECHATRE<\/p>\n\n\n\n<div class=\"wp-block-group alignfull is-content-justification-center\" style=\"margin-top:0;margin-bottom:0\"><div class=\"wp-block-group__inner-container is-layout-constrained wp-block-group-is-layout-constrained\">\n<div style=\"height:var(--wp--preset--spacing--20)\" aria-hidden=\"true\" class=\"wp-block-spacer\"><\/div>\n\n\n\n<div class=\"wp-block-group alignwide\"><div class=\"wp-block-group__inner-container is-layout-flow wp-block-group-is-layout-flow\">\n<div style=\"height:var(--wp--preset--spacing--20)\" aria-hidden=\"true\" class=\"wp-block-spacer\"><\/div>\n\n\n\n<h2 class=\"wp-block-heading\">L&rsquo;\u00e9quipe d\u00e9corateur<\/h2>\n\n\n\n<div class=\"wp-block-columns is-layout-flex wp-container-core-columns-is-layout-9d6595d7 wp-block-columns-is-layout-flex\">\n<div class=\"wp-block-column is-layout-flow wp-block-column-is-layout-flow\" style=\"flex-basis:100%\"><\/div>\n<\/div>\n\n\n\n<figure class=\"wp-block-gallery has-nested-images columns-default is-cropped wp-block-gallery-1 is-layout-flex wp-block-gallery-is-layout-flex\">\n<figure class=\"wp-block-image size-large\"><img loading=\"lazy\" decoding=\"async\" width=\"1024\" height=\"576\" data-id=\"567\" src=\"https:\/\/theatreamateurbellopratain.fr\/wp-content\/uploads\/2024\/12\/decoteur-nouveaux-2024-1024x576.jpg\" alt=\"\" class=\"wp-image-567\" srcset=\"https:\/\/theatreamateurbellopratain.fr\/wp-content\/uploads\/2024\/12\/decoteur-nouveaux-2024-1024x576.jpg 1024w, https:\/\/theatreamateurbellopratain.fr\/wp-content\/uploads\/2024\/12\/decoteur-nouveaux-2024-300x169.jpg 300w, https:\/\/theatreamateurbellopratain.fr\/wp-content\/uploads\/2024\/12\/decoteur-nouveaux-2024-768x432.jpg 768w, https:\/\/theatreamateurbellopratain.fr\/wp-content\/uploads\/2024\/12\/decoteur-nouveaux-2024-1536x864.jpg 1536w, https:\/\/theatreamateurbellopratain.fr\/wp-content\/uploads\/2024\/12\/decoteur-nouveaux-2024-600x338.jpg 600w, https:\/\/theatreamateurbellopratain.fr\/wp-content\/uploads\/2024\/12\/decoteur-nouveaux-2024.jpg 1920w\" sizes=\"auto, (max-width: 1024px) 100vw, 1024px\" \/><\/figure>\n\n\n\n<figure class=\"wp-block-image size-large\"><img loading=\"lazy\" decoding=\"async\" width=\"1024\" height=\"576\" data-id=\"565\" src=\"https:\/\/theatreamateurbellopratain.fr\/wp-content\/uploads\/2024\/12\/decorateur-1-1024x576.jpg\" alt=\"\" class=\"wp-image-565\" srcset=\"https:\/\/theatreamateurbellopratain.fr\/wp-content\/uploads\/2024\/12\/decorateur-1-1024x576.jpg 1024w, https:\/\/theatreamateurbellopratain.fr\/wp-content\/uploads\/2024\/12\/decorateur-1-300x169.jpg 300w, https:\/\/theatreamateurbellopratain.fr\/wp-content\/uploads\/2024\/12\/decorateur-1-768x432.jpg 768w, https:\/\/theatreamateurbellopratain.fr\/wp-content\/uploads\/2024\/12\/decorateur-1-1536x864.jpg 1536w, https:\/\/theatreamateurbellopratain.fr\/wp-content\/uploads\/2024\/12\/decorateur-1-600x338.jpg 600w, https:\/\/theatreamateurbellopratain.fr\/wp-content\/uploads\/2024\/12\/decorateur-1.jpg 1920w\" sizes=\"auto, (max-width: 1024px) 100vw, 1024px\" \/><\/figure>\n\n\n\n<figure class=\"wp-block-image size-large\"><img loading=\"lazy\" decoding=\"async\" width=\"1024\" height=\"576\" data-id=\"566\" src=\"https:\/\/theatreamateurbellopratain.fr\/wp-content\/uploads\/2024\/12\/decorateur2-1-1024x576.jpg\" alt=\"\" class=\"wp-image-566\" srcset=\"https:\/\/theatreamateurbellopratain.fr\/wp-content\/uploads\/2024\/12\/decorateur2-1-1024x576.jpg 1024w, https:\/\/theatreamateurbellopratain.fr\/wp-content\/uploads\/2024\/12\/decorateur2-1-300x169.jpg 300w, https:\/\/theatreamateurbellopratain.fr\/wp-content\/uploads\/2024\/12\/decorateur2-1-768x432.jpg 768w, https:\/\/theatreamateurbellopratain.fr\/wp-content\/uploads\/2024\/12\/decorateur2-1-1536x864.jpg 1536w, https:\/\/theatreamateurbellopratain.fr\/wp-content\/uploads\/2024\/12\/decorateur2-1-600x338.jpg 600w, https:\/\/theatreamateurbellopratain.fr\/wp-content\/uploads\/2024\/12\/decorateur2-1.jpg 1920w\" sizes=\"auto, (max-width: 1024px) 100vw, 1024px\" \/><\/figure>\n<\/figure>\n<\/div><\/div>\n\n\n\n<div style=\"height:7px\" aria-hidden=\"true\" class=\"wp-block-spacer\"><\/div>\n<\/div><\/div>\n\n\n\n<h2 class=\"wp-block-heading\">Les souffleuses et Maquilleuses 2025<\/h2>\n\n\n\n<figure class=\"wp-block-gallery has-nested-images columns-default is-cropped wp-block-gallery-2 is-layout-flex wp-block-gallery-is-layout-flex\">\n<figure class=\"wp-block-image size-large\"><img loading=\"lazy\" decoding=\"async\" width=\"1024\" height=\"576\" data-id=\"568\" src=\"https:\/\/theatreamateurbellopratain.fr\/wp-content\/uploads\/2024\/12\/maquilleuses-2024-1024x576.jpg\" alt=\"\" class=\"wp-image-568\" srcset=\"https:\/\/theatreamateurbellopratain.fr\/wp-content\/uploads\/2024\/12\/maquilleuses-2024-1024x576.jpg 1024w, https:\/\/theatreamateurbellopratain.fr\/wp-content\/uploads\/2024\/12\/maquilleuses-2024-300x169.jpg 300w, https:\/\/theatreamateurbellopratain.fr\/wp-content\/uploads\/2024\/12\/maquilleuses-2024-768x432.jpg 768w, https:\/\/theatreamateurbellopratain.fr\/wp-content\/uploads\/2024\/12\/maquilleuses-2024-1536x864.jpg 1536w, https:\/\/theatreamateurbellopratain.fr\/wp-content\/uploads\/2024\/12\/maquilleuses-2024-600x338.jpg 600w, https:\/\/theatreamateurbellopratain.fr\/wp-content\/uploads\/2024\/12\/maquilleuses-2024.jpg 1920w\" sizes=\"auto, (max-width: 1024px) 100vw, 1024px\" \/><\/figure>\n\n\n\n<figure class=\"wp-block-image size-large\"><img loading=\"lazy\" decoding=\"async\" width=\"1024\" height=\"576\" data-id=\"569\" src=\"https:\/\/theatreamateurbellopratain.fr\/wp-content\/uploads\/2024\/12\/souffleuses-2024-1024x576.jpg\" alt=\"\" class=\"wp-image-569\" srcset=\"https:\/\/theatreamateurbellopratain.fr\/wp-content\/uploads\/2024\/12\/souffleuses-2024-1024x576.jpg 1024w, https:\/\/theatreamateurbellopratain.fr\/wp-content\/uploads\/2024\/12\/souffleuses-2024-300x169.jpg 300w, https:\/\/theatreamateurbellopratain.fr\/wp-content\/uploads\/2024\/12\/souffleuses-2024-768x432.jpg 768w, https:\/\/theatreamateurbellopratain.fr\/wp-content\/uploads\/2024\/12\/souffleuses-2024-1536x864.jpg 1536w, https:\/\/theatreamateurbellopratain.fr\/wp-content\/uploads\/2024\/12\/souffleuses-2024-600x338.jpg 600w, https:\/\/theatreamateurbellopratain.fr\/wp-content\/uploads\/2024\/12\/souffleuses-2024.jpg 1920w\" sizes=\"auto, (max-width: 1024px) 100vw, 1024px\" \/><\/figure>\n<\/figure>\n\n\n\n<h2 class=\"wp-block-heading\">Bar- confiserie- placements <\/h2>\n\n\n\n<figure class=\"wp-block-gallery has-nested-images columns-default is-cropped wp-block-gallery-3 is-layout-flex wp-block-gallery-is-layout-flex\">\n<figure class=\"wp-block-image size-large\"><img loading=\"lazy\" decoding=\"async\" width=\"1024\" height=\"576\" data-id=\"571\" src=\"https:\/\/theatreamateurbellopratain.fr\/wp-content\/uploads\/2024\/12\/bar-1-1024x576.jpg\" alt=\"\" class=\"wp-image-571\" srcset=\"https:\/\/theatreamateurbellopratain.fr\/wp-content\/uploads\/2024\/12\/bar-1-1024x576.jpg 1024w, https:\/\/theatreamateurbellopratain.fr\/wp-content\/uploads\/2024\/12\/bar-1-300x169.jpg 300w, https:\/\/theatreamateurbellopratain.fr\/wp-content\/uploads\/2024\/12\/bar-1-768x432.jpg 768w, https:\/\/theatreamateurbellopratain.fr\/wp-content\/uploads\/2024\/12\/bar-1-1536x864.jpg 1536w, https:\/\/theatreamateurbellopratain.fr\/wp-content\/uploads\/2024\/12\/bar-1-600x338.jpg 600w, https:\/\/theatreamateurbellopratain.fr\/wp-content\/uploads\/2024\/12\/bar-1.jpg 1920w\" sizes=\"auto, (max-width: 1024px) 100vw, 1024px\" \/><\/figure>\n\n\n\n<figure class=\"wp-block-image size-large\"><img loading=\"lazy\" decoding=\"async\" width=\"1024\" height=\"576\" data-id=\"572\" src=\"https:\/\/theatreamateurbellopratain.fr\/wp-content\/uploads\/2024\/12\/bar2-1024x576.jpg\" alt=\"\" class=\"wp-image-572\" srcset=\"https:\/\/theatreamateurbellopratain.fr\/wp-content\/uploads\/2024\/12\/bar2-1024x576.jpg 1024w, https:\/\/theatreamateurbellopratain.fr\/wp-content\/uploads\/2024\/12\/bar2-300x169.jpg 300w, https:\/\/theatreamateurbellopratain.fr\/wp-content\/uploads\/2024\/12\/bar2-768x432.jpg 768w, https:\/\/theatreamateurbellopratain.fr\/wp-content\/uploads\/2024\/12\/bar2-1536x864.jpg 1536w, https:\/\/theatreamateurbellopratain.fr\/wp-content\/uploads\/2024\/12\/bar2-600x338.jpg 600w, https:\/\/theatreamateurbellopratain.fr\/wp-content\/uploads\/2024\/12\/bar2.jpg 1920w\" sizes=\"auto, (max-width: 1024px) 100vw, 1024px\" \/><\/figure>\n<\/figure>\n\n\n\n<h2 class=\"wp-block-heading\">Les acteurs et Actrices <\/h2>\n\n\n\n<p><\/p>\n\n\n\n<figure class=\"wp-block-image\"><img loading=\"lazy\" decoding=\"async\" width=\"1920\" height=\"1080\" src=\"https:\/\/theatreamateurbellopratain.fr\/wp-content\/uploads\/2024\/12\/acteur-2025-2.jpg\" alt=\"\" class=\"wp-image-580\" srcset=\"https:\/\/theatreamateurbellopratain.fr\/wp-content\/uploads\/2024\/12\/acteur-2025-2.jpg 1920w, https:\/\/theatreamateurbellopratain.fr\/wp-content\/uploads\/2024\/12\/acteur-2025-2-300x169.jpg 300w, https:\/\/theatreamateurbellopratain.fr\/wp-content\/uploads\/2024\/12\/acteur-2025-2-1024x576.jpg 1024w, https:\/\/theatreamateurbellopratain.fr\/wp-content\/uploads\/2024\/12\/acteur-2025-2-768x432.jpg 768w, https:\/\/theatreamateurbellopratain.fr\/wp-content\/uploads\/2024\/12\/acteur-2025-2-1536x864.jpg 1536w, https:\/\/theatreamateurbellopratain.fr\/wp-content\/uploads\/2024\/12\/acteur-2025-2-600x338.jpg 600w\" sizes=\"auto, (max-width: 1920px) 100vw, 1920px\" \/><\/figure>\n\n\n\n<figure class=\"wp-block-image\"><img loading=\"lazy\" decoding=\"async\" width=\"940\" height=\"533\" src=\"https:\/\/theatreamateurbellopratain.fr\/wp-content\/uploads\/2025\/12\/MjAyNTEyMDAzMjIyOGM5OWFjMTA2NzY3YTc5OTkwYjM3MTdmODY.jpeg\" alt=\"\" class=\"wp-image-646\" style=\"aspect-ratio:1.7636638015878223\" srcset=\"https:\/\/theatreamateurbellopratain.fr\/wp-content\/uploads\/2025\/12\/MjAyNTEyMDAzMjIyOGM5OWFjMTA2NzY3YTc5OTkwYjM3MTdmODY.jpeg 940w, https:\/\/theatreamateurbellopratain.fr\/wp-content\/uploads\/2025\/12\/MjAyNTEyMDAzMjIyOGM5OWFjMTA2NzY3YTc5OTkwYjM3MTdmODY-300x170.jpeg 300w, https:\/\/theatreamateurbellopratain.fr\/wp-content\/uploads\/2025\/12\/MjAyNTEyMDAzMjIyOGM5OWFjMTA2NzY3YTc5OTkwYjM3MTdmODY-768x435.jpeg 768w, https:\/\/theatreamateurbellopratain.fr\/wp-content\/uploads\/2025\/12\/MjAyNTEyMDAzMjIyOGM5OWFjMTA2NzY3YTc5OTkwYjM3MTdmODY-600x340.jpeg 600w\" sizes=\"auto, (max-width: 940px) 100vw, 940px\" \/><\/figure>\n\n\n\n<div class=\"wp-block-columns is-layout-flex wp-container-core-columns-is-layout-9d6595d7 wp-block-columns-is-layout-flex\">\n<div class=\"wp-block-column is-layout-flow wp-block-column-is-layout-flow\" style=\"flex-basis:100%\">\n<div class=\"wp-block-group\"><div class=\"wp-block-group__inner-container is-layout-constrained wp-block-group-is-layout-constrained\">\n<p>      St\u00e9phanie GUILLON (3\u00e8me rang\u00e9 \u00e0 gauche) \/ Marion GOUDAUD  \/  <\/p>\n\n\n\n<p>Lino GUILLON (3eme rang\u00e9 au milieu)<\/p>\n<\/div><\/div>\n<\/div>\n<\/div>\n\n\n\n<p><\/p>\n","protected":false},"excerpt":{"rendered":"<p class=\"text-justify mb-2\" >La troupe a \u00e9t\u00e9 cr\u00e9er \u00e0 l&rsquo;initiative de Jean LEPINE et Jacqueline THIBAULT, r\u00e9pondant \u00e0 une forte demande des habitants de la r\u00e9gion de Beaupr\u00e9au, La troupe de th\u00e9\u00e2tre amateur a vu le jour en 1995. Aujourd&rsquo;hui, la troupe compte une quarantaine de b\u00e9n\u00e9voles r\u00e9partis [&hellip;]<\/p>\n","protected":false},"author":1,"featured_media":0,"parent":0,"menu_order":0,"comment_status":"closed","ping_status":"closed","template":"","meta":{"footnotes":""},"class_list":["post-30","page","type-page","status-publish","hentry"],"yoast_head":"<!-- This site is optimized with the Yoast SEO plugin v27.4 - https:\/\/yoast.com\/product\/yoast-seo-wordpress\/ -->\n<title>L&#039;association - Le Th\u00eaatre Amateur Bellopratain<\/title>\n<meta name=\"robots\" content=\"index, follow, max-snippet:-1, max-image-preview:large, max-video-preview:-1\" \/>\n<link rel=\"canonical\" href=\"https:\/\/theatreamateurbellopratain.fr\/?page_id=30\" \/>\n<meta property=\"og:locale\" content=\"fr_FR\" \/>\n<meta property=\"og:type\" content=\"article\" \/>\n<meta property=\"og:title\" content=\"L&#039;association - Le Th\u00eaatre Amateur Bellopratain\" \/>\n<meta property=\"og:description\" content=\"La troupe a \u00e9t\u00e9 cr\u00e9er \u00e0 l&rsquo;initiative de Jean LEPINE et Jacqueline THIBAULT, r\u00e9pondant \u00e0 une forte demande des habitants de la r\u00e9gion de Beaupr\u00e9au, La troupe de th\u00e9\u00e2tre amateur a vu le jour en 1995. Aujourd&rsquo;hui, la troupe compte une quarantaine de b\u00e9n\u00e9voles r\u00e9partis [&hellip;]\" \/>\n<meta property=\"og:url\" content=\"https:\/\/theatreamateurbellopratain.fr\/?page_id=30\" \/>\n<meta property=\"og:site_name\" content=\"Le Th\u00eaatre Amateur Bellopratain\" \/>\n<meta property=\"article:publisher\" content=\"https:\/\/www.facebook.com\/profile.php?id=100057195260261\" \/>\n<meta property=\"article:modified_time\" content=\"2025-12-03T07:23:58+00:00\" \/>\n<meta property=\"og:image\" content=\"https:\/\/theatreamateurbellopratain.fr\/wp-content\/uploads\/2024\/12\/decoteur-nouveaux-2024.jpg\" \/>\n\t<meta property=\"og:image:width\" content=\"1920\" \/>\n\t<meta property=\"og:image:height\" content=\"1080\" \/>\n\t<meta property=\"og:image:type\" content=\"image\/jpeg\" \/>\n<meta name=\"twitter:card\" content=\"summary_large_image\" \/>\n<meta name=\"twitter:label1\" content=\"Dur\u00e9e de lecture estim\u00e9e\" \/>\n\t<meta name=\"twitter:data1\" content=\"3 minutes\" \/>\n<script type=\"application\/ld+json\" class=\"yoast-schema-graph\">{\"@context\":\"https:\\\/\\\/schema.org\",\"@graph\":[{\"@type\":\"WebPage\",\"@id\":\"https:\\\/\\\/theatreamateurbellopratain.fr\\\/?page_id=30\",\"url\":\"https:\\\/\\\/theatreamateurbellopratain.fr\\\/?page_id=30\",\"name\":\"L'association - Le Th\u00eaatre Amateur Bellopratain\",\"isPartOf\":{\"@id\":\"https:\\\/\\\/theatreamateurbellopratain.fr\\\/#website\"},\"primaryImageOfPage\":{\"@id\":\"https:\\\/\\\/theatreamateurbellopratain.fr\\\/?page_id=30#primaryimage\"},\"image\":{\"@id\":\"https:\\\/\\\/theatreamateurbellopratain.fr\\\/?page_id=30#primaryimage\"},\"thumbnailUrl\":\"https:\\\/\\\/theatreamateurbellopratain.fr\\\/wp-content\\\/uploads\\\/2024\\\/12\\\/decoteur-nouveaux-2024-1024x576.jpg\",\"datePublished\":\"2023-04-03T13:51:46+00:00\",\"dateModified\":\"2025-12-03T07:23:58+00:00\",\"breadcrumb\":{\"@id\":\"https:\\\/\\\/theatreamateurbellopratain.fr\\\/?page_id=30#breadcrumb\"},\"inLanguage\":\"fr-FR\",\"potentialAction\":[{\"@type\":\"ReadAction\",\"target\":[\"https:\\\/\\\/theatreamateurbellopratain.fr\\\/?page_id=30\"]}]},{\"@type\":\"ImageObject\",\"inLanguage\":\"fr-FR\",\"@id\":\"https:\\\/\\\/theatreamateurbellopratain.fr\\\/?page_id=30#primaryimage\",\"url\":\"https:\\\/\\\/theatreamateurbellopratain.fr\\\/wp-content\\\/uploads\\\/2024\\\/12\\\/decoteur-nouveaux-2024.jpg\",\"contentUrl\":\"https:\\\/\\\/theatreamateurbellopratain.fr\\\/wp-content\\\/uploads\\\/2024\\\/12\\\/decoteur-nouveaux-2024.jpg\",\"width\":1920,\"height\":1080},{\"@type\":\"BreadcrumbList\",\"@id\":\"https:\\\/\\\/theatreamateurbellopratain.fr\\\/?page_id=30#breadcrumb\",\"itemListElement\":[{\"@type\":\"ListItem\",\"position\":1,\"name\":\"Accueil\",\"item\":\"https:\\\/\\\/theatreamateurbellopratain.fr\\\/\"},{\"@type\":\"ListItem\",\"position\":2,\"name\":\"L&rsquo;association\"}]},{\"@type\":\"WebSite\",\"@id\":\"https:\\\/\\\/theatreamateurbellopratain.fr\\\/#website\",\"url\":\"https:\\\/\\\/theatreamateurbellopratain.fr\\\/\",\"name\":\"Le Th\u00eaatre Amateur Bellopratain\",\"description\":\"\",\"publisher\":{\"@id\":\"https:\\\/\\\/theatreamateurbellopratain.fr\\\/#organization\"},\"potentialAction\":[{\"@type\":\"SearchAction\",\"target\":{\"@type\":\"EntryPoint\",\"urlTemplate\":\"https:\\\/\\\/theatreamateurbellopratain.fr\\\/?s={search_term_string}\"},\"query-input\":{\"@type\":\"PropertyValueSpecification\",\"valueRequired\":true,\"valueName\":\"search_term_string\"}}],\"inLanguage\":\"fr-FR\"},{\"@type\":\"Organization\",\"@id\":\"https:\\\/\\\/theatreamateurbellopratain.fr\\\/#organization\",\"name\":\"Le Th\u00eaatre Amateur Bellopratain\",\"url\":\"https:\\\/\\\/theatreamateurbellopratain.fr\\\/\",\"logo\":{\"@type\":\"ImageObject\",\"inLanguage\":\"fr-FR\",\"@id\":\"https:\\\/\\\/theatreamateurbellopratain.fr\\\/#\\\/schema\\\/logo\\\/image\\\/\",\"url\":\"https:\\\/\\\/theatreamateurbellopratain.fr\\\/wp-content\\\/uploads\\\/2024\\\/07\\\/image.png\",\"contentUrl\":\"https:\\\/\\\/theatreamateurbellopratain.fr\\\/wp-content\\\/uploads\\\/2024\\\/07\\\/image.png\",\"width\":368,\"height\":369,\"caption\":\"Le Th\u00eaatre Amateur Bellopratain\"},\"image\":{\"@id\":\"https:\\\/\\\/theatreamateurbellopratain.fr\\\/#\\\/schema\\\/logo\\\/image\\\/\"},\"sameAs\":[\"https:\\\/\\\/www.facebook.com\\\/profile.php?id=100057195260261\",\"https:\\\/\\\/www.youtube.com\\\/@theatreamateurbellopratain479\"]}]}<\/script>\n<!-- \/ Yoast SEO plugin. -->","yoast_head_json":{"title":"L'association - Le Th\u00eaatre Amateur Bellopratain","robots":{"index":"index","follow":"follow","max-snippet":"max-snippet:-1","max-image-preview":"max-image-preview:large","max-video-preview":"max-video-preview:-1"},"canonical":"https:\/\/theatreamateurbellopratain.fr\/?page_id=30","og_locale":"fr_FR","og_type":"article","og_title":"L'association - Le Th\u00eaatre Amateur Bellopratain","og_description":"La troupe a \u00e9t\u00e9 cr\u00e9er \u00e0 l&rsquo;initiative de Jean LEPINE et Jacqueline THIBAULT, r\u00e9pondant \u00e0 une forte demande des habitants de la r\u00e9gion de Beaupr\u00e9au, La troupe de th\u00e9\u00e2tre amateur a vu le jour en 1995. Aujourd&rsquo;hui, la troupe compte une quarantaine de b\u00e9n\u00e9voles r\u00e9partis [&hellip;]","og_url":"https:\/\/theatreamateurbellopratain.fr\/?page_id=30","og_site_name":"Le Th\u00eaatre Amateur Bellopratain","article_publisher":"https:\/\/www.facebook.com\/profile.php?id=100057195260261","article_modified_time":"2025-12-03T07:23:58+00:00","og_image":[{"width":1920,"height":1080,"url":"https:\/\/theatreamateurbellopratain.fr\/wp-content\/uploads\/2024\/12\/decoteur-nouveaux-2024.jpg","type":"image\/jpeg"}],"twitter_card":"summary_large_image","twitter_misc":{"Dur\u00e9e de lecture estim\u00e9e":"3 minutes"},"schema":{"@context":"https:\/\/schema.org","@graph":[{"@type":"WebPage","@id":"https:\/\/theatreamateurbellopratain.fr\/?page_id=30","url":"https:\/\/theatreamateurbellopratain.fr\/?page_id=30","name":"L'association - Le Th\u00eaatre Amateur Bellopratain","isPartOf":{"@id":"https:\/\/theatreamateurbellopratain.fr\/#website"},"primaryImageOfPage":{"@id":"https:\/\/theatreamateurbellopratain.fr\/?page_id=30#primaryimage"},"image":{"@id":"https:\/\/theatreamateurbellopratain.fr\/?page_id=30#primaryimage"},"thumbnailUrl":"https:\/\/theatreamateurbellopratain.fr\/wp-content\/uploads\/2024\/12\/decoteur-nouveaux-2024-1024x576.jpg","datePublished":"2023-04-03T13:51:46+00:00","dateModified":"2025-12-03T07:23:58+00:00","breadcrumb":{"@id":"https:\/\/theatreamateurbellopratain.fr\/?page_id=30#breadcrumb"},"inLanguage":"fr-FR","potentialAction":[{"@type":"ReadAction","target":["https:\/\/theatreamateurbellopratain.fr\/?page_id=30"]}]},{"@type":"ImageObject","inLanguage":"fr-FR","@id":"https:\/\/theatreamateurbellopratain.fr\/?page_id=30#primaryimage","url":"https:\/\/theatreamateurbellopratain.fr\/wp-content\/uploads\/2024\/12\/decoteur-nouveaux-2024.jpg","contentUrl":"https:\/\/theatreamateurbellopratain.fr\/wp-content\/uploads\/2024\/12\/decoteur-nouveaux-2024.jpg","width":1920,"height":1080},{"@type":"BreadcrumbList","@id":"https:\/\/theatreamateurbellopratain.fr\/?page_id=30#breadcrumb","itemListElement":[{"@type":"ListItem","position":1,"name":"Accueil","item":"https:\/\/theatreamateurbellopratain.fr\/"},{"@type":"ListItem","position":2,"name":"L&rsquo;association"}]},{"@type":"WebSite","@id":"https:\/\/theatreamateurbellopratain.fr\/#website","url":"https:\/\/theatreamateurbellopratain.fr\/","name":"Le Th\u00eaatre Amateur Bellopratain","description":"","publisher":{"@id":"https:\/\/theatreamateurbellopratain.fr\/#organization"},"potentialAction":[{"@type":"SearchAction","target":{"@type":"EntryPoint","urlTemplate":"https:\/\/theatreamateurbellopratain.fr\/?s={search_term_string}"},"query-input":{"@type":"PropertyValueSpecification","valueRequired":true,"valueName":"search_term_string"}}],"inLanguage":"fr-FR"},{"@type":"Organization","@id":"https:\/\/theatreamateurbellopratain.fr\/#organization","name":"Le Th\u00eaatre Amateur Bellopratain","url":"https:\/\/theatreamateurbellopratain.fr\/","logo":{"@type":"ImageObject","inLanguage":"fr-FR","@id":"https:\/\/theatreamateurbellopratain.fr\/#\/schema\/logo\/image\/","url":"https:\/\/theatreamateurbellopratain.fr\/wp-content\/uploads\/2024\/07\/image.png","contentUrl":"https:\/\/theatreamateurbellopratain.fr\/wp-content\/uploads\/2024\/07\/image.png","width":368,"height":369,"caption":"Le Th\u00eaatre Amateur Bellopratain"},"image":{"@id":"https:\/\/theatreamateurbellopratain.fr\/#\/schema\/logo\/image\/"},"sameAs":["https:\/\/www.facebook.com\/profile.php?id=100057195260261","https:\/\/www.youtube.com\/@theatreamateurbellopratain479"]}]}},"_links":{"self":[{"href":"https:\/\/theatreamateurbellopratain.fr\/index.php?rest_route=\/wp\/v2\/pages\/30","targetHints":{"allow":["GET"]}}],"collection":[{"href":"https:\/\/theatreamateurbellopratain.fr\/index.php?rest_route=\/wp\/v2\/pages"}],"about":[{"href":"https:\/\/theatreamateurbellopratain.fr\/index.php?rest_route=\/wp\/v2\/types\/page"}],"author":[{"embeddable":true,"href":"https:\/\/theatreamateurbellopratain.fr\/index.php?rest_route=\/wp\/v2\/users\/1"}],"replies":[{"embeddable":true,"href":"https:\/\/theatreamateurbellopratain.fr\/index.php?rest_route=%2Fwp%2Fv2%2Fcomments&post=30"}],"version-history":[{"count":14,"href":"https:\/\/theatreamateurbellopratain.fr\/index.php?rest_route=\/wp\/v2\/pages\/30\/revisions"}],"predecessor-version":[{"id":671,"href":"https:\/\/theatreamateurbellopratain.fr\/index.php?rest_route=\/wp\/v2\/pages\/30\/revisions\/671"}],"wp:attachment":[{"href":"https:\/\/theatreamateurbellopratain.fr\/index.php?rest_route=%2Fwp%2Fv2%2Fmedia&parent=30"}],"curies":[{"name":"wp","href":"https:\/\/api.w.org\/{rel}","templated":true}]}}