{"id":78,"date":"2023-04-03T21:16:43","date_gmt":"2023-04-03T19:16:43","guid":{"rendered":"http:\/\/theatreamateurbellopratain.fr\/?page_id=78"},"modified":"2025-12-07T18:46:39","modified_gmt":"2025-12-07T17:46:39","slug":"archives","status":"publish","type":"page","link":"https:\/\/theatreamateurbellopratain.fr\/?page_id=78","title":{"rendered":"Billetterie-Tarifs"},"content":{"rendered":"\n<h2 class=\"wp-block-heading has-text-align-center\"><strong><mark style=\"color: rgb(244, 0, 0);\" class=\"has-inline-color\"><em style=\"\">\u00ab\u00a0<\/em><\/mark><mark style=\"background-color:rgba(0, 0, 0, 0);color:#f40000\" class=\"has-inline-color\"><em><strong><em>La Billetterie est ouverte<\/em><\/strong><\/em><\/mark><mark style=\"color: rgb(244, 0, 0);\" class=\"has-inline-color\"><em style=\"\">\u00ab\u00a0<\/em><\/mark><\/strong><\/h2>\n\n\n\n<div class=\"wp-block-group\"><div class=\"wp-block-group__inner-container is-layout-constrained wp-block-group-is-layout-constrained\">\n<blockquote class=\"wp-block-quote is-layout-flow wp-block-quote-is-layout-flow\">\n<p><\/p>\n<\/blockquote>\n<\/div><\/div>\n\n\n\n<p class=\"has-text-align-center\">Le Th\u00e9\u00e2tre Amateur Bellopratain vous attends en 2026 pour &nbsp;7 repr\u00e9sentations : <strong> <\/strong><\/p>\n\n\n\n<p class=\"has-text-align-center\"><strong><em>Samedi 10 janvier 2026 \u00e0 20h30<\/em><\/strong><\/p>\n\n\n\n<p class=\"has-text-align-center\"><strong><em>&nbsp;Dimanche 11 janvier 2026 \u00e0 15h00<\/em><\/strong><\/p>\n\n\n\n<p class=\"has-text-align-center\"><strong><em>Samedi 17 janvier 2026 \u00e0 20h30<\/em><\/strong><\/p>\n\n\n\n<p class=\"has-text-align-center\"><strong><em>Dimanche 18 janvier 2026 \u00e0 15h00<\/em><\/strong><\/p>\n\n\n\n<p class=\"has-text-align-center\"><strong><em>Mardi 20 Janvier 2026 \u00e0 20h00<\/em><\/strong><\/p>\n\n\n\n<p class=\"has-text-align-center\"><strong><em>Samedi 24 janvier 2026 \u00e0 20h30<\/em><\/strong><\/p>\n\n\n\n<p class=\"has-text-align-center\"><strong><em>&nbsp;Dimanche 25 Janvier 2026 \u00e0 15h00<\/em><\/strong><em><\/em><\/p>\n\n\n\n<h2 class=\"wp-block-heading has-text-align-center\"><strong><mark style=\"background-color:rgba(0, 0, 0, 0);color:#f40000\" class=\"has-inline-color\"><em><strong><mark style=\"background-color:rgba(0, 0, 0, 0)\" class=\"has-inline-color has-vivid-red-color\">Une nouveaut\u00e9 \u00e0 ne pas manquer<\/mark><\/strong><\/em><\/mark><\/strong><\/h2>\n\n\n\n<div class=\"wp-block-group is-nowrap is-layout-flex wp-container-core-group-is-layout-ad2f72ca wp-block-group-is-layout-flex\">\n<div class=\"wp-block-group\"><div class=\"wp-block-group__inner-container is-layout-constrained wp-block-group-is-layout-constrained\"><div class=\"wp-block-image\">\n<figure class=\"aligncenter size-full is-resized\"><img loading=\"lazy\" decoding=\"async\" width=\"250\" height=\"250\" src=\"https:\/\/theatreamateurbellopratain.fr\/wp-content\/uploads\/2025\/12\/qr-1.png\" alt=\"\" class=\"wp-image-649\" style=\"width:96px;height:auto\" srcset=\"https:\/\/theatreamateurbellopratain.fr\/wp-content\/uploads\/2025\/12\/qr-1.png 250w, https:\/\/theatreamateurbellopratain.fr\/wp-content\/uploads\/2025\/12\/qr-1-150x150.png 150w, https:\/\/theatreamateurbellopratain.fr\/wp-content\/uploads\/2025\/12\/qr-1-122x122.png 122w, https:\/\/theatreamateurbellopratain.fr\/wp-content\/uploads\/2025\/12\/qr-1-100x100.png 100w\" sizes=\"auto, (max-width: 250px) 100vw, 250px\" \/><\/figure>\n<\/div>\n\n\n<p class=\"has-text-align-center\"><strong><em><mark style=\"background-color:rgba(0, 0, 0, 0)\" class=\"has-inline-color has-vivid-red-color\">L\u2019acc\u00e8s sera \u00e9galement facilit\u00e9 gr\u00e2ce \u00e0 ce QR code.<\/mark><\/em><\/strong><\/p>\n\n\n\n<figure class=\"wp-block-pullquote\"><blockquote><p>Pour la premi\u00e8re fois, l\u2019achat des billets sera possible en ligne, directement via le site officiel du TAB : <a href=\"https:\/\/theatreamateurbellopratain.fr\/?utm_source=chatgpt.com\">theatreamateurbellopratain.fr<\/a>. <br>ou sur billet web : <a href=\"https:\/\/www.billetweb.fr\/saison-theatrale\">https:\/\/www.billetweb.fr\/saison-theatrale<\/a><br><br><img loading=\"lazy\" decoding=\"async\" width=\"16\" height=\"16\" src=\"data:image\/png;base64,R0lGODlhFAAUAHcAMSH+GlNvZnR3YXJlOiBNaWNyb3NvZnQgT2ZmaWNlACH5BAEAAAAALAAAAAAUABQAhwAAAAAAAH+IkpEAAJV3gJFukYuQnIySno2Sno6Tno2SnY6SnYyRoo6XrIqVqIyVppGZqpOYop+grKoAALMAALcPC7EMB7kQDL4PDKkKBbUPCrkOCqsJBa8MB7oQDL0RDroRDL4RDb0SDr4SDbMZCKORl62yua2zuq60uq60u7C1vbC0vKqwt6euta61v7fEy7\/I0b\/M1b3EyrrCybnAysQVGcIVE90REcAQDdMZGcITENgdHMYTD80aGMESD8gVEdAbGNEbGNEcGtgdGs0YFsAVFcYTEc8bGcUTD8ARDtMdGd0gH9o\/PcokINMnJN8sKt8tK9wpKNgiIc1ZW9tlZsCkqsrO28jV3cPL08TR2cHJz8DM1cLJ0MLK08PK0MLI0O4AAOYVFf8zEew9O+w5OOYgIP87O+EnJugkIuIoKOkuLvg4N+YkIew4NuwtLfw+Pv04OekmJeAqKOQjIvApKO0nKOYhIO48POMwLeFEROpZWepVVe9eXPBRUfFOTf9ISPZUVPZGRvtLTP9VVflJSv9ZWv9HSP9FRv1KRv1TU\/xfYPBwb\/N7e\/J0dPl+ff92dv9oaf99fv97fP9hY\/9sbf9pav9mZvKEhP6YmfiPj\/+EhP+amv+Sk\/6env+Bgv+Oj\/+Tk\/+YmP+Skv+Cg\/+DhP+Zmf+Rkf+pqf2pqf+oqP+ysv+0tf+jo\/+qrP\/\/\/wECAwECAwECAwECAwECAwECAwECAwECAwECAwECAwECAwECAwECAwECAwECAwECAwECAwECAwECAwECAwECAwECAwECAwECAwECAwECAwECAwECAwECAwECAwECAwECAwECAwECAwECAwECAwECAwECAwECAwECAwECAwECAwECAwECAwECAwECAwECAwECAwECAwECAwECAwECAwECAwECAwECAwECAwECAwECAwECAwECAwECAwECAwECAwECAwECAwECAwECAwECAwECAwECAwECAwECAwECAwECAwECAwECAwECAwECAwECAwECAwECAwjDAAEIHEhQYJ5FlwoqLMikEaZTqDLtWViwCR9Nm1KpWuWI4kAdTvo84tSJVatNfsJQ3MGjBxlFnj6BCiUKkEcAPHycCQQp0ihSkgShoZjmRwUgaghNolSp0Bo2HoNYuCDEzRtDh+DEGeJRDoYMGojMoVPHDpGbVJ5s4NDBgw4jH26+KDEFyhEkSUKIuInFhAAAiQDgASDlppYTBm4q5ILigOKCXlIgeEzwi4oElAfKWKEgs8AZLBZ4BkCjRYTRAiWgBhAQADs=\" alt=\"\ud83d\udccd\">Et pour celles et ceux qui pr\u00e9f\u00e8rent r\u00e9server leurs places en personne, des permanences seront assur\u00e9es \u00e0 La Loge les samedis 6 et 13 d\u00e9cembre 2025 de 10h \u00e0 12h.<br><strong><em>(Paiement par carte bancaire possible)<\/em><\/strong><br><br><strong><em>Un rendez-vous incontournable pour bien commencer l\u2019ann\u00e9e avec humour et convivialit\u00e9, aux c\u00f4t\u00e9s d\u2019une troupe qui fait vivre le th\u00e9\u00e2tre amateur \u00e0 Beaupr\u00e9au-en-Mauges depuis plus de 30 ans.<\/em><\/strong><br><\/p><\/blockquote><\/figure>\n<\/div><\/div>\n<\/div>\n\n\n\n<figure class=\"wp-block-image size-large\"><img loading=\"lazy\" decoding=\"async\" width=\"1024\" height=\"700\" src=\"https:\/\/theatreamateurbellopratain.fr\/wp-content\/uploads\/2023\/10\/plan-fauteuils-SDP-2020-HD-1024x700.jpg\" alt=\"\" class=\"wp-image-235\" srcset=\"https:\/\/theatreamateurbellopratain.fr\/wp-content\/uploads\/2023\/10\/plan-fauteuils-SDP-2020-HD-1024x700.jpg 1024w, https:\/\/theatreamateurbellopratain.fr\/wp-content\/uploads\/2023\/10\/plan-fauteuils-SDP-2020-HD-300x205.jpg 300w, https:\/\/theatreamateurbellopratain.fr\/wp-content\/uploads\/2023\/10\/plan-fauteuils-SDP-2020-HD-768x525.jpg 768w, https:\/\/theatreamateurbellopratain.fr\/wp-content\/uploads\/2023\/10\/plan-fauteuils-SDP-2020-HD-1536x1050.jpg 1536w, https:\/\/theatreamateurbellopratain.fr\/wp-content\/uploads\/2023\/10\/plan-fauteuils-SDP-2020-HD-2048x1399.jpg 2048w, https:\/\/theatreamateurbellopratain.fr\/wp-content\/uploads\/2023\/10\/plan-fauteuils-SDP-2020-HD-600x410.jpg 600w\" sizes=\"auto, (max-width: 1024px) 100vw, 1024px\" \/><\/figure>\n\n\n\n<p><\/p>\n","protected":false},"excerpt":{"rendered":"<p class=\"text-justify mb-2\" >\u00ab\u00a0La Billetterie est ouverte\u00ab\u00a0 Le Th\u00e9\u00e2tre Amateur Bellopratain vous attends en 2026 pour &nbsp;7 repr\u00e9sentations : Samedi 10 janvier 2026 \u00e0 20h30 &nbsp;Dimanche 11 janvier 2026 \u00e0 15h00 Samedi 17 janvier 2026 \u00e0 20h30 Dimanche 18 janvier 2026 \u00e0 15h00 Mardi 20 Janvier 2026 \u00e0 [&hellip;]<\/p>\n","protected":false},"author":1,"featured_media":0,"parent":0,"menu_order":0,"comment_status":"closed","ping_status":"closed","template":"","meta":{"footnotes":""},"class_list":["post-78","page","type-page","status-publish","hentry"],"yoast_head":"<!-- This site is optimized with the Yoast SEO plugin v27.4 - https:\/\/yoast.com\/product\/yoast-seo-wordpress\/ -->\n<title>Billetterie-Tarifs - Le Th\u00eaatre Amateur Bellopratain<\/title>\n<meta name=\"description\" content=\"reservation,tab, billetterie tab\" \/>\n<meta name=\"robots\" content=\"index, follow, max-snippet:-1, max-image-preview:large, max-video-preview:-1\" \/>\n<link rel=\"canonical\" href=\"https:\/\/theatreamateurbellopratain.fr\/?page_id=78\" \/>\n<meta property=\"og:locale\" content=\"fr_FR\" \/>\n<meta property=\"og:type\" content=\"article\" \/>\n<meta property=\"og:title\" content=\"Billetterie-Tarifs - Le Th\u00eaatre Amateur Bellopratain\" \/>\n<meta property=\"og:description\" content=\"reservation,tab, billetterie tab\" \/>\n<meta property=\"og:url\" content=\"https:\/\/theatreamateurbellopratain.fr\/?page_id=78\" \/>\n<meta property=\"og:site_name\" content=\"Le Th\u00eaatre Amateur Bellopratain\" \/>\n<meta property=\"article:publisher\" content=\"https:\/\/www.facebook.com\/profile.php?id=100057195260261\" \/>\n<meta property=\"article:modified_time\" content=\"2025-12-07T17:46:39+00:00\" \/>\n<meta property=\"og:image\" content=\"https:\/\/theatreamateurbellopratain.fr\/wp-content\/uploads\/2025\/12\/qr-1.png\" \/>\n\t<meta property=\"og:image:width\" content=\"250\" \/>\n\t<meta property=\"og:image:height\" content=\"250\" \/>\n\t<meta property=\"og:image:type\" content=\"image\/png\" \/>\n<meta name=\"twitter:card\" content=\"summary_large_image\" \/>\n<meta name=\"twitter:label1\" content=\"Dur\u00e9e de lecture estim\u00e9e\" \/>\n\t<meta name=\"twitter:data1\" content=\"1 minute\" \/>\n<script type=\"application\/ld+json\" class=\"yoast-schema-graph\">{\"@context\":\"https:\\\/\\\/schema.org\",\"@graph\":[{\"@type\":\"WebPage\",\"@id\":\"https:\\\/\\\/theatreamateurbellopratain.fr\\\/?page_id=78\",\"url\":\"https:\\\/\\\/theatreamateurbellopratain.fr\\\/?page_id=78\",\"name\":\"Billetterie-Tarifs - Le Th\u00eaatre Amateur Bellopratain\",\"isPartOf\":{\"@id\":\"https:\\\/\\\/theatreamateurbellopratain.fr\\\/#website\"},\"primaryImageOfPage\":{\"@id\":\"https:\\\/\\\/theatreamateurbellopratain.fr\\\/?page_id=78#primaryimage\"},\"image\":{\"@id\":\"https:\\\/\\\/theatreamateurbellopratain.fr\\\/?page_id=78#primaryimage\"},\"thumbnailUrl\":\"https:\\\/\\\/theatreamateurbellopratain.fr\\\/wp-content\\\/uploads\\\/2025\\\/12\\\/qr-1.png\",\"datePublished\":\"2023-04-03T19:16:43+00:00\",\"dateModified\":\"2025-12-07T17:46:39+00:00\",\"description\":\"reservation,tab, billetterie tab\",\"breadcrumb\":{\"@id\":\"https:\\\/\\\/theatreamateurbellopratain.fr\\\/?page_id=78#breadcrumb\"},\"inLanguage\":\"fr-FR\",\"potentialAction\":[{\"@type\":\"ReadAction\",\"target\":[\"https:\\\/\\\/theatreamateurbellopratain.fr\\\/?page_id=78\"]}]},{\"@type\":\"ImageObject\",\"inLanguage\":\"fr-FR\",\"@id\":\"https:\\\/\\\/theatreamateurbellopratain.fr\\\/?page_id=78#primaryimage\",\"url\":\"https:\\\/\\\/theatreamateurbellopratain.fr\\\/wp-content\\\/uploads\\\/2025\\\/12\\\/qr-1.png\",\"contentUrl\":\"https:\\\/\\\/theatreamateurbellopratain.fr\\\/wp-content\\\/uploads\\\/2025\\\/12\\\/qr-1.png\",\"width\":250,\"height\":250},{\"@type\":\"BreadcrumbList\",\"@id\":\"https:\\\/\\\/theatreamateurbellopratain.fr\\\/?page_id=78#breadcrumb\",\"itemListElement\":[{\"@type\":\"ListItem\",\"position\":1,\"name\":\"Accueil\",\"item\":\"https:\\\/\\\/theatreamateurbellopratain.fr\\\/\"},{\"@type\":\"ListItem\",\"position\":2,\"name\":\"Billetterie-Tarifs\"}]},{\"@type\":\"WebSite\",\"@id\":\"https:\\\/\\\/theatreamateurbellopratain.fr\\\/#website\",\"url\":\"https:\\\/\\\/theatreamateurbellopratain.fr\\\/\",\"name\":\"Le Th\u00eaatre Amateur Bellopratain\",\"description\":\"\",\"publisher\":{\"@id\":\"https:\\\/\\\/theatreamateurbellopratain.fr\\\/#organization\"},\"potentialAction\":[{\"@type\":\"SearchAction\",\"target\":{\"@type\":\"EntryPoint\",\"urlTemplate\":\"https:\\\/\\\/theatreamateurbellopratain.fr\\\/?s={search_term_string}\"},\"query-input\":{\"@type\":\"PropertyValueSpecification\",\"valueRequired\":true,\"valueName\":\"search_term_string\"}}],\"inLanguage\":\"fr-FR\"},{\"@type\":\"Organization\",\"@id\":\"https:\\\/\\\/theatreamateurbellopratain.fr\\\/#organization\",\"name\":\"Le Th\u00eaatre Amateur Bellopratain\",\"url\":\"https:\\\/\\\/theatreamateurbellopratain.fr\\\/\",\"logo\":{\"@type\":\"ImageObject\",\"inLanguage\":\"fr-FR\",\"@id\":\"https:\\\/\\\/theatreamateurbellopratain.fr\\\/#\\\/schema\\\/logo\\\/image\\\/\",\"url\":\"https:\\\/\\\/theatreamateurbellopratain.fr\\\/wp-content\\\/uploads\\\/2024\\\/07\\\/image.png\",\"contentUrl\":\"https:\\\/\\\/theatreamateurbellopratain.fr\\\/wp-content\\\/uploads\\\/2024\\\/07\\\/image.png\",\"width\":368,\"height\":369,\"caption\":\"Le Th\u00eaatre Amateur Bellopratain\"},\"image\":{\"@id\":\"https:\\\/\\\/theatreamateurbellopratain.fr\\\/#\\\/schema\\\/logo\\\/image\\\/\"},\"sameAs\":[\"https:\\\/\\\/www.facebook.com\\\/profile.php?id=100057195260261\",\"https:\\\/\\\/www.youtube.com\\\/@theatreamateurbellopratain479\"]}]}<\/script>\n<!-- \/ Yoast SEO plugin. -->","yoast_head_json":{"title":"Billetterie-Tarifs - Le Th\u00eaatre Amateur Bellopratain","description":"reservation,tab, billetterie tab","robots":{"index":"index","follow":"follow","max-snippet":"max-snippet:-1","max-image-preview":"max-image-preview:large","max-video-preview":"max-video-preview:-1"},"canonical":"https:\/\/theatreamateurbellopratain.fr\/?page_id=78","og_locale":"fr_FR","og_type":"article","og_title":"Billetterie-Tarifs - Le Th\u00eaatre Amateur Bellopratain","og_description":"reservation,tab, billetterie tab","og_url":"https:\/\/theatreamateurbellopratain.fr\/?page_id=78","og_site_name":"Le Th\u00eaatre Amateur Bellopratain","article_publisher":"https:\/\/www.facebook.com\/profile.php?id=100057195260261","article_modified_time":"2025-12-07T17:46:39+00:00","og_image":[{"width":250,"height":250,"url":"https:\/\/theatreamateurbellopratain.fr\/wp-content\/uploads\/2025\/12\/qr-1.png","type":"image\/png"}],"twitter_card":"summary_large_image","twitter_misc":{"Dur\u00e9e de lecture estim\u00e9e":"1 minute"},"schema":{"@context":"https:\/\/schema.org","@graph":[{"@type":"WebPage","@id":"https:\/\/theatreamateurbellopratain.fr\/?page_id=78","url":"https:\/\/theatreamateurbellopratain.fr\/?page_id=78","name":"Billetterie-Tarifs - Le Th\u00eaatre Amateur Bellopratain","isPartOf":{"@id":"https:\/\/theatreamateurbellopratain.fr\/#website"},"primaryImageOfPage":{"@id":"https:\/\/theatreamateurbellopratain.fr\/?page_id=78#primaryimage"},"image":{"@id":"https:\/\/theatreamateurbellopratain.fr\/?page_id=78#primaryimage"},"thumbnailUrl":"https:\/\/theatreamateurbellopratain.fr\/wp-content\/uploads\/2025\/12\/qr-1.png","datePublished":"2023-04-03T19:16:43+00:00","dateModified":"2025-12-07T17:46:39+00:00","description":"reservation,tab, billetterie tab","breadcrumb":{"@id":"https:\/\/theatreamateurbellopratain.fr\/?page_id=78#breadcrumb"},"inLanguage":"fr-FR","potentialAction":[{"@type":"ReadAction","target":["https:\/\/theatreamateurbellopratain.fr\/?page_id=78"]}]},{"@type":"ImageObject","inLanguage":"fr-FR","@id":"https:\/\/theatreamateurbellopratain.fr\/?page_id=78#primaryimage","url":"https:\/\/theatreamateurbellopratain.fr\/wp-content\/uploads\/2025\/12\/qr-1.png","contentUrl":"https:\/\/theatreamateurbellopratain.fr\/wp-content\/uploads\/2025\/12\/qr-1.png","width":250,"height":250},{"@type":"BreadcrumbList","@id":"https:\/\/theatreamateurbellopratain.fr\/?page_id=78#breadcrumb","itemListElement":[{"@type":"ListItem","position":1,"name":"Accueil","item":"https:\/\/theatreamateurbellopratain.fr\/"},{"@type":"ListItem","position":2,"name":"Billetterie-Tarifs"}]},{"@type":"WebSite","@id":"https:\/\/theatreamateurbellopratain.fr\/#website","url":"https:\/\/theatreamateurbellopratain.fr\/","name":"Le Th\u00eaatre Amateur Bellopratain","description":"","publisher":{"@id":"https:\/\/theatreamateurbellopratain.fr\/#organization"},"potentialAction":[{"@type":"SearchAction","target":{"@type":"EntryPoint","urlTemplate":"https:\/\/theatreamateurbellopratain.fr\/?s={search_term_string}"},"query-input":{"@type":"PropertyValueSpecification","valueRequired":true,"valueName":"search_term_string"}}],"inLanguage":"fr-FR"},{"@type":"Organization","@id":"https:\/\/theatreamateurbellopratain.fr\/#organization","name":"Le Th\u00eaatre Amateur Bellopratain","url":"https:\/\/theatreamateurbellopratain.fr\/","logo":{"@type":"ImageObject","inLanguage":"fr-FR","@id":"https:\/\/theatreamateurbellopratain.fr\/#\/schema\/logo\/image\/","url":"https:\/\/theatreamateurbellopratain.fr\/wp-content\/uploads\/2024\/07\/image.png","contentUrl":"https:\/\/theatreamateurbellopratain.fr\/wp-content\/uploads\/2024\/07\/image.png","width":368,"height":369,"caption":"Le Th\u00eaatre Amateur Bellopratain"},"image":{"@id":"https:\/\/theatreamateurbellopratain.fr\/#\/schema\/logo\/image\/"},"sameAs":["https:\/\/www.facebook.com\/profile.php?id=100057195260261","https:\/\/www.youtube.com\/@theatreamateurbellopratain479"]}]}},"_links":{"self":[{"href":"https:\/\/theatreamateurbellopratain.fr\/index.php?rest_route=\/wp\/v2\/pages\/78","targetHints":{"allow":["GET"]}}],"collection":[{"href":"https:\/\/theatreamateurbellopratain.fr\/index.php?rest_route=\/wp\/v2\/pages"}],"about":[{"href":"https:\/\/theatreamateurbellopratain.fr\/index.php?rest_route=\/wp\/v2\/types\/page"}],"author":[{"embeddable":true,"href":"https:\/\/theatreamateurbellopratain.fr\/index.php?rest_route=\/wp\/v2\/users\/1"}],"replies":[{"embeddable":true,"href":"https:\/\/theatreamateurbellopratain.fr\/index.php?rest_route=%2Fwp%2Fv2%2Fcomments&post=78"}],"version-history":[{"count":25,"href":"https:\/\/theatreamateurbellopratain.fr\/index.php?rest_route=\/wp\/v2\/pages\/78\/revisions"}],"predecessor-version":[{"id":676,"href":"https:\/\/theatreamateurbellopratain.fr\/index.php?rest_route=\/wp\/v2\/pages\/78\/revisions\/676"}],"wp:attachment":[{"href":"https:\/\/theatreamateurbellopratain.fr\/index.php?rest_route=%2Fwp%2Fv2%2Fmedia&parent=78"}],"curies":[{"name":"wp","href":"https:\/\/api.w.org\/{rel}","templated":true}]}}