{"id":80,"date":"2023-04-03T21:17:44","date_gmt":"2023-04-03T19:17:44","guid":{"rendered":"http:\/\/theatreamateurbellopratain.fr\/?page_id=80"},"modified":"2025-04-04T07:28:41","modified_gmt":"2025-04-04T05:28:41","slug":"plans-dacces","status":"publish","type":"page","link":"https:\/\/theatreamateurbellopratain.fr\/?page_id=80","title":{"rendered":"Plans d&rsquo;acc\u00e8s"},"content":{"rendered":"\n<div class=\"wp-block-group alignfull is-content-justification-center\" style=\"margin-top:0;margin-bottom:0;padding-top:calc( 0.5 * var(--wp--style--root--padding-right, var(--wp--custom--gap--horizontal)));padding-right:var(--wp--style--root--padding-right, var(--wp--custom--gap--horizontal));padding-bottom:calc( 0.5 * var(--wp--style--root--padding-right, var(--wp--custom--gap--horizontal)));padding-left:var(--wp--style--root--padding-left, var(--wp--custom--gap--horizontal))\"><div class=\"wp-block-group__inner-container is-layout-constrained wp-container-core-group-is-layout-b073b61b wp-block-group-is-layout-constrained\">\n<div class=\"wp-block-columns alignwide is-layout-flex wp-container-core-columns-is-layout-6aa4370a wp-block-columns-is-layout-flex\">\n<div class=\"wp-block-column is-vertically-aligned-center is-content-justification-left is-layout-constrained wp-container-core-column-is-layout-1c92c9cf wp-block-column-is-layout-constrained\" style=\"flex-basis:40%\">\n<h2 class=\"wp-block-heading\">Le Centre culturel de la Loge <\/h2>\n\n\n\n<p>700 places <\/p>\n\n\n\n<p>rue Robert Schuman, Beaupr\u00e9au, France<br>BEAUPREAU (Maine-et-Loire)<\/p>\n\n\n\n<div class=\"wp-block-buttons is-layout-flex wp-block-buttons-is-layout-flex\"><\/div>\n<\/div>\n\n\n\n<div class=\"wp-block-column is-layout-flow wp-block-column-is-layout-flow\">\n<div class=\"wp-block-columns alignwide is-layout-flex wp-container-core-columns-is-layout-3cc86ecb wp-block-columns-is-layout-flex\">\n<div class=\"wp-block-column is-layout-flow wp-block-column-is-layout-flow\">\n<figure class=\"wp-block-image size-full is-style-default\"><img loading=\"lazy\" decoding=\"async\" width=\"266\" height=\"189\" src=\"https:\/\/theatreamateurbellopratain.fr\/wp-content\/uploads\/2025\/04\/telechargement-5.jpg\" alt=\"\" class=\"wp-image-606\" style=\"aspect-ratio:1;object-fit:cover\"\/><\/figure>\n\n\n\n<figure class=\"wp-block-image size-full\"><img loading=\"lazy\" decoding=\"async\" width=\"368\" height=\"369\" src=\"https:\/\/theatreamateurbellopratain.fr\/wp-content\/uploads\/2024\/07\/image.png\" alt=\"Ic\u00f4ne du site\" class=\"wp-image-449\" srcset=\"https:\/\/theatreamateurbellopratain.fr\/wp-content\/uploads\/2024\/07\/image.png 368w, https:\/\/theatreamateurbellopratain.fr\/wp-content\/uploads\/2024\/07\/image-300x300.png 300w, https:\/\/theatreamateurbellopratain.fr\/wp-content\/uploads\/2024\/07\/image-150x150.png 150w, https:\/\/theatreamateurbellopratain.fr\/wp-content\/uploads\/2024\/07\/image-122x122.png 122w, https:\/\/theatreamateurbellopratain.fr\/wp-content\/uploads\/2024\/07\/image-100x100.png 100w\" sizes=\"auto, (max-width: 368px) 100vw, 368px\" \/><\/figure>\n<\/div>\n\n\n\n<div class=\"wp-block-column is-layout-flow wp-block-column-is-layout-flow\">\n<figure class=\"wp-block-image size-full is-style-default\"><img loading=\"lazy\" decoding=\"async\" width=\"1024\" height=\"768\" src=\"https:\/\/theatreamateurbellopratain.fr\/wp-content\/uploads\/2025\/04\/Espace-J.-Gracq-cote-Bar-2.jpg\" alt=\"\" class=\"wp-image-608\" style=\"aspect-ratio:1;object-fit:cover\" srcset=\"https:\/\/theatreamateurbellopratain.fr\/wp-content\/uploads\/2025\/04\/Espace-J.-Gracq-cote-Bar-2.jpg 1024w, https:\/\/theatreamateurbellopratain.fr\/wp-content\/uploads\/2025\/04\/Espace-J.-Gracq-cote-Bar-2-300x225.jpg 300w, https:\/\/theatreamateurbellopratain.fr\/wp-content\/uploads\/2025\/04\/Espace-J.-Gracq-cote-Bar-2-768x576.jpg 768w, https:\/\/theatreamateurbellopratain.fr\/wp-content\/uploads\/2025\/04\/Espace-J.-Gracq-cote-Bar-2-600x450.jpg 600w\" sizes=\"auto, (max-width: 1024px) 100vw, 1024px\" \/><\/figure>\n\n\n\n<figure class=\"wp-block-image size-full is-style-default\"><img loading=\"lazy\" decoding=\"async\" width=\"275\" height=\"183\" src=\"https:\/\/theatreamateurbellopratain.fr\/wp-content\/uploads\/2025\/04\/telechargement-6.jpg\" alt=\"\" class=\"wp-image-607\" style=\"aspect-ratio:1;object-fit:cover\" srcset=\"https:\/\/theatreamateurbellopratain.fr\/wp-content\/uploads\/2025\/04\/telechargement-6.jpg 275w, https:\/\/theatreamateurbellopratain.fr\/wp-content\/uploads\/2025\/04\/telechargement-6-112x75.jpg 112w\" sizes=\"auto, (max-width: 275px) 100vw, 275px\" \/><\/figure>\n<\/div>\n<\/div>\n<\/div>\n<\/div>\n\n\n\n<div style=\"height:calc( 0.25 * var(--wp--style--root--padding-right, var(--wp--custom--gap--horizontal)))\" aria-hidden=\"true\" class=\"wp-block-spacer\"><\/div>\n\n\n\n<div style=\"height:calc( 0.25 * var(--wp--style--root--padding-right, var(--wp--custom--gap--horizontal)))\" aria-hidden=\"true\" class=\"wp-block-spacer\"><\/div>\n<\/div><\/div>\n\n\n\n<figure class=\"wp-block-image size-large\"><img loading=\"lazy\" decoding=\"async\" width=\"1024\" height=\"486\" src=\"https:\/\/theatreamateurbellopratain.fr\/wp-content\/uploads\/2024\/10\/Capture-decran-2024-10-22-201126-1024x486.jpg\" alt=\"\" class=\"wp-image-489\" srcset=\"https:\/\/theatreamateurbellopratain.fr\/wp-content\/uploads\/2024\/10\/Capture-decran-2024-10-22-201126-1024x486.jpg 1024w, https:\/\/theatreamateurbellopratain.fr\/wp-content\/uploads\/2024\/10\/Capture-decran-2024-10-22-201126-300x142.jpg 300w, https:\/\/theatreamateurbellopratain.fr\/wp-content\/uploads\/2024\/10\/Capture-decran-2024-10-22-201126-768x365.jpg 768w, https:\/\/theatreamateurbellopratain.fr\/wp-content\/uploads\/2024\/10\/Capture-decran-2024-10-22-201126-600x285.jpg 600w, https:\/\/theatreamateurbellopratain.fr\/wp-content\/uploads\/2024\/10\/Capture-decran-2024-10-22-201126.jpg 1055w\" sizes=\"auto, (max-width: 1024px) 100vw, 1024px\" \/><\/figure>\n","protected":false},"excerpt":{"rendered":"<p class=\"text-justify mb-2\" >Le Centre culturel de la Loge 700 places rue Robert Schuman, Beaupr\u00e9au, FranceBEAUPREAU (Maine-et-Loire)<\/p>\n","protected":false},"author":1,"featured_media":0,"parent":0,"menu_order":0,"comment_status":"closed","ping_status":"closed","template":"","meta":{"footnotes":""},"class_list":["post-80","page","type-page","status-publish","hentry"],"yoast_head":"<!-- This site is optimized with the Yoast SEO plugin v27.4 - https:\/\/yoast.com\/product\/yoast-seo-wordpress\/ -->\n<title>Plans d&#039;acc\u00e8s - Le Th\u00eaatre Amateur Bellopratain<\/title>\n<meta name=\"robots\" content=\"index, follow, max-snippet:-1, max-image-preview:large, max-video-preview:-1\" \/>\n<link rel=\"canonical\" href=\"https:\/\/theatreamateurbellopratain.fr\/?page_id=80\" \/>\n<meta property=\"og:locale\" content=\"fr_FR\" \/>\n<meta property=\"og:type\" content=\"article\" \/>\n<meta property=\"og:title\" content=\"Plans d&#039;acc\u00e8s - Le Th\u00eaatre Amateur Bellopratain\" \/>\n<meta property=\"og:description\" content=\"Le Centre culturel de la Loge 700 places rue Robert Schuman, Beaupr\u00e9au, FranceBEAUPREAU (Maine-et-Loire)\" \/>\n<meta property=\"og:url\" content=\"https:\/\/theatreamateurbellopratain.fr\/?page_id=80\" \/>\n<meta property=\"og:site_name\" content=\"Le Th\u00eaatre Amateur Bellopratain\" \/>\n<meta property=\"article:publisher\" content=\"https:\/\/www.facebook.com\/profile.php?id=100057195260261\" \/>\n<meta property=\"article:modified_time\" content=\"2025-04-04T05:28:41+00:00\" \/>\n<meta property=\"og:image\" content=\"https:\/\/theatreamateurbellopratain.fr\/wp-content\/uploads\/2025\/04\/telechargement-5.jpg\" \/>\n\t<meta property=\"og:image:width\" content=\"266\" \/>\n\t<meta property=\"og:image:height\" content=\"189\" \/>\n\t<meta property=\"og:image:type\" content=\"image\/jpeg\" \/>\n<meta name=\"twitter:card\" content=\"summary_large_image\" \/>\n<meta name=\"twitter:label1\" content=\"Dur\u00e9e de lecture estim\u00e9e\" \/>\n\t<meta name=\"twitter:data1\" content=\"1 minute\" \/>\n<script type=\"application\/ld+json\" class=\"yoast-schema-graph\">{\"@context\":\"https:\\\/\\\/schema.org\",\"@graph\":[{\"@type\":\"WebPage\",\"@id\":\"https:\\\/\\\/theatreamateurbellopratain.fr\\\/?page_id=80\",\"url\":\"https:\\\/\\\/theatreamateurbellopratain.fr\\\/?page_id=80\",\"name\":\"Plans d'acc\u00e8s - Le Th\u00eaatre Amateur Bellopratain\",\"isPartOf\":{\"@id\":\"https:\\\/\\\/theatreamateurbellopratain.fr\\\/#website\"},\"primaryImageOfPage\":{\"@id\":\"https:\\\/\\\/theatreamateurbellopratain.fr\\\/?page_id=80#primaryimage\"},\"image\":{\"@id\":\"https:\\\/\\\/theatreamateurbellopratain.fr\\\/?page_id=80#primaryimage\"},\"thumbnailUrl\":\"https:\\\/\\\/theatreamateurbellopratain.fr\\\/wp-content\\\/uploads\\\/2025\\\/04\\\/telechargement-5.jpg\",\"datePublished\":\"2023-04-03T19:17:44+00:00\",\"dateModified\":\"2025-04-04T05:28:41+00:00\",\"breadcrumb\":{\"@id\":\"https:\\\/\\\/theatreamateurbellopratain.fr\\\/?page_id=80#breadcrumb\"},\"inLanguage\":\"fr-FR\",\"potentialAction\":[{\"@type\":\"ReadAction\",\"target\":[\"https:\\\/\\\/theatreamateurbellopratain.fr\\\/?page_id=80\"]}]},{\"@type\":\"ImageObject\",\"inLanguage\":\"fr-FR\",\"@id\":\"https:\\\/\\\/theatreamateurbellopratain.fr\\\/?page_id=80#primaryimage\",\"url\":\"https:\\\/\\\/theatreamateurbellopratain.fr\\\/wp-content\\\/uploads\\\/2025\\\/04\\\/telechargement-5.jpg\",\"contentUrl\":\"https:\\\/\\\/theatreamateurbellopratain.fr\\\/wp-content\\\/uploads\\\/2025\\\/04\\\/telechargement-5.jpg\",\"width\":266,\"height\":189},{\"@type\":\"BreadcrumbList\",\"@id\":\"https:\\\/\\\/theatreamateurbellopratain.fr\\\/?page_id=80#breadcrumb\",\"itemListElement\":[{\"@type\":\"ListItem\",\"position\":1,\"name\":\"Accueil\",\"item\":\"https:\\\/\\\/theatreamateurbellopratain.fr\\\/\"},{\"@type\":\"ListItem\",\"position\":2,\"name\":\"Plans d&rsquo;acc\u00e8s\"}]},{\"@type\":\"WebSite\",\"@id\":\"https:\\\/\\\/theatreamateurbellopratain.fr\\\/#website\",\"url\":\"https:\\\/\\\/theatreamateurbellopratain.fr\\\/\",\"name\":\"Le Th\u00eaatre Amateur Bellopratain\",\"description\":\"\",\"publisher\":{\"@id\":\"https:\\\/\\\/theatreamateurbellopratain.fr\\\/#organization\"},\"potentialAction\":[{\"@type\":\"SearchAction\",\"target\":{\"@type\":\"EntryPoint\",\"urlTemplate\":\"https:\\\/\\\/theatreamateurbellopratain.fr\\\/?s={search_term_string}\"},\"query-input\":{\"@type\":\"PropertyValueSpecification\",\"valueRequired\":true,\"valueName\":\"search_term_string\"}}],\"inLanguage\":\"fr-FR\"},{\"@type\":\"Organization\",\"@id\":\"https:\\\/\\\/theatreamateurbellopratain.fr\\\/#organization\",\"name\":\"Le Th\u00eaatre Amateur Bellopratain\",\"url\":\"https:\\\/\\\/theatreamateurbellopratain.fr\\\/\",\"logo\":{\"@type\":\"ImageObject\",\"inLanguage\":\"fr-FR\",\"@id\":\"https:\\\/\\\/theatreamateurbellopratain.fr\\\/#\\\/schema\\\/logo\\\/image\\\/\",\"url\":\"https:\\\/\\\/theatreamateurbellopratain.fr\\\/wp-content\\\/uploads\\\/2024\\\/07\\\/image.png\",\"contentUrl\":\"https:\\\/\\\/theatreamateurbellopratain.fr\\\/wp-content\\\/uploads\\\/2024\\\/07\\\/image.png\",\"width\":368,\"height\":369,\"caption\":\"Le Th\u00eaatre Amateur Bellopratain\"},\"image\":{\"@id\":\"https:\\\/\\\/theatreamateurbellopratain.fr\\\/#\\\/schema\\\/logo\\\/image\\\/\"},\"sameAs\":[\"https:\\\/\\\/www.facebook.com\\\/profile.php?id=100057195260261\",\"https:\\\/\\\/www.youtube.com\\\/@theatreamateurbellopratain479\"]}]}<\/script>\n<!-- \/ Yoast SEO plugin. -->","yoast_head_json":{"title":"Plans d'acc\u00e8s - Le Th\u00eaatre Amateur Bellopratain","robots":{"index":"index","follow":"follow","max-snippet":"max-snippet:-1","max-image-preview":"max-image-preview:large","max-video-preview":"max-video-preview:-1"},"canonical":"https:\/\/theatreamateurbellopratain.fr\/?page_id=80","og_locale":"fr_FR","og_type":"article","og_title":"Plans d'acc\u00e8s - Le Th\u00eaatre Amateur Bellopratain","og_description":"Le Centre culturel de la Loge 700 places rue Robert Schuman, Beaupr\u00e9au, FranceBEAUPREAU (Maine-et-Loire)","og_url":"https:\/\/theatreamateurbellopratain.fr\/?page_id=80","og_site_name":"Le Th\u00eaatre Amateur Bellopratain","article_publisher":"https:\/\/www.facebook.com\/profile.php?id=100057195260261","article_modified_time":"2025-04-04T05:28:41+00:00","og_image":[{"width":266,"height":189,"url":"https:\/\/theatreamateurbellopratain.fr\/wp-content\/uploads\/2025\/04\/telechargement-5.jpg","type":"image\/jpeg"}],"twitter_card":"summary_large_image","twitter_misc":{"Dur\u00e9e de lecture estim\u00e9e":"1 minute"},"schema":{"@context":"https:\/\/schema.org","@graph":[{"@type":"WebPage","@id":"https:\/\/theatreamateurbellopratain.fr\/?page_id=80","url":"https:\/\/theatreamateurbellopratain.fr\/?page_id=80","name":"Plans d'acc\u00e8s - Le Th\u00eaatre Amateur Bellopratain","isPartOf":{"@id":"https:\/\/theatreamateurbellopratain.fr\/#website"},"primaryImageOfPage":{"@id":"https:\/\/theatreamateurbellopratain.fr\/?page_id=80#primaryimage"},"image":{"@id":"https:\/\/theatreamateurbellopratain.fr\/?page_id=80#primaryimage"},"thumbnailUrl":"https:\/\/theatreamateurbellopratain.fr\/wp-content\/uploads\/2025\/04\/telechargement-5.jpg","datePublished":"2023-04-03T19:17:44+00:00","dateModified":"2025-04-04T05:28:41+00:00","breadcrumb":{"@id":"https:\/\/theatreamateurbellopratain.fr\/?page_id=80#breadcrumb"},"inLanguage":"fr-FR","potentialAction":[{"@type":"ReadAction","target":["https:\/\/theatreamateurbellopratain.fr\/?page_id=80"]}]},{"@type":"ImageObject","inLanguage":"fr-FR","@id":"https:\/\/theatreamateurbellopratain.fr\/?page_id=80#primaryimage","url":"https:\/\/theatreamateurbellopratain.fr\/wp-content\/uploads\/2025\/04\/telechargement-5.jpg","contentUrl":"https:\/\/theatreamateurbellopratain.fr\/wp-content\/uploads\/2025\/04\/telechargement-5.jpg","width":266,"height":189},{"@type":"BreadcrumbList","@id":"https:\/\/theatreamateurbellopratain.fr\/?page_id=80#breadcrumb","itemListElement":[{"@type":"ListItem","position":1,"name":"Accueil","item":"https:\/\/theatreamateurbellopratain.fr\/"},{"@type":"ListItem","position":2,"name":"Plans d&rsquo;acc\u00e8s"}]},{"@type":"WebSite","@id":"https:\/\/theatreamateurbellopratain.fr\/#website","url":"https:\/\/theatreamateurbellopratain.fr\/","name":"Le Th\u00eaatre Amateur Bellopratain","description":"","publisher":{"@id":"https:\/\/theatreamateurbellopratain.fr\/#organization"},"potentialAction":[{"@type":"SearchAction","target":{"@type":"EntryPoint","urlTemplate":"https:\/\/theatreamateurbellopratain.fr\/?s={search_term_string}"},"query-input":{"@type":"PropertyValueSpecification","valueRequired":true,"valueName":"search_term_string"}}],"inLanguage":"fr-FR"},{"@type":"Organization","@id":"https:\/\/theatreamateurbellopratain.fr\/#organization","name":"Le Th\u00eaatre Amateur Bellopratain","url":"https:\/\/theatreamateurbellopratain.fr\/","logo":{"@type":"ImageObject","inLanguage":"fr-FR","@id":"https:\/\/theatreamateurbellopratain.fr\/#\/schema\/logo\/image\/","url":"https:\/\/theatreamateurbellopratain.fr\/wp-content\/uploads\/2024\/07\/image.png","contentUrl":"https:\/\/theatreamateurbellopratain.fr\/wp-content\/uploads\/2024\/07\/image.png","width":368,"height":369,"caption":"Le Th\u00eaatre Amateur Bellopratain"},"image":{"@id":"https:\/\/theatreamateurbellopratain.fr\/#\/schema\/logo\/image\/"},"sameAs":["https:\/\/www.facebook.com\/profile.php?id=100057195260261","https:\/\/www.youtube.com\/@theatreamateurbellopratain479"]}]}},"_links":{"self":[{"href":"https:\/\/theatreamateurbellopratain.fr\/index.php?rest_route=\/wp\/v2\/pages\/80","targetHints":{"allow":["GET"]}}],"collection":[{"href":"https:\/\/theatreamateurbellopratain.fr\/index.php?rest_route=\/wp\/v2\/pages"}],"about":[{"href":"https:\/\/theatreamateurbellopratain.fr\/index.php?rest_route=\/wp\/v2\/types\/page"}],"author":[{"embeddable":true,"href":"https:\/\/theatreamateurbellopratain.fr\/index.php?rest_route=\/wp\/v2\/users\/1"}],"replies":[{"embeddable":true,"href":"https:\/\/theatreamateurbellopratain.fr\/index.php?rest_route=%2Fwp%2Fv2%2Fcomments&post=80"}],"version-history":[{"count":12,"href":"https:\/\/theatreamateurbellopratain.fr\/index.php?rest_route=\/wp\/v2\/pages\/80\/revisions"}],"predecessor-version":[{"id":613,"href":"https:\/\/theatreamateurbellopratain.fr\/index.php?rest_route=\/wp\/v2\/pages\/80\/revisions\/613"}],"wp:attachment":[{"href":"https:\/\/theatreamateurbellopratain.fr\/index.php?rest_route=%2Fwp%2Fv2%2Fmedia&parent=80"}],"curies":[{"name":"wp","href":"https:\/\/api.w.org\/{rel}","templated":true}]}}